{"id":4502,"date":"2024-10-28T07:04:28","date_gmt":"2024-10-28T07:04:28","guid":{"rendered":"https:\/\/silence.land\/?page_id=4502"},"modified":"2025-09-27T17:28:52","modified_gmt":"2025-09-27T17:28:52","slug":"ueber-uns","status":"publish","type":"page","link":"https:\/\/silence.land\/en\/ueber-uns\/","title":{"rendered":"About us"},"content":{"rendered":"<div data-elementor-type=\"wp-post\" data-elementor-id=\"4502\" class=\"elementor elementor-4502\">\n\t\t\t\t\t\t<section class=\"elementor-section elementor-top-section elementor-element elementor-element-d7d8b56 elementor-section-boxed elementor-section-height-default elementor-section-height-default\" data-id=\"d7d8b56\" data-element_type=\"section\" data-settings=\"{&quot;background_background&quot;:&quot;classic&quot;}\">\n\t\t\t\t\t\t\t<div class=\"elementor-background-overlay\"><\/div>\n\t\t\t\t\t\t\t<div class=\"elementor-container elementor-column-gap-default\">\n\t\t\t\t\t<div class=\"elementor-column elementor-col-33 elementor-top-column elementor-element elementor-element-b3d335b\" data-id=\"b3d335b\" data-element_type=\"column\">\n\t\t\t<div class=\"elementor-widget-wrap\">\n\t\t\t\t\t\t\t<\/div>\n\t\t<\/div>\n\t\t\t\t<div class=\"elementor-column elementor-col-33 elementor-top-column elementor-element elementor-element-fd69444\" data-id=\"fd69444\" data-element_type=\"column\">\n\t\t\t<div class=\"elementor-widget-wrap elementor-element-populated\">\n\t\t\t\t\t\t\t<\/div>\n\t\t<\/div>\n\t\t\t\t<div class=\"elementor-column elementor-col-33 elementor-top-column elementor-element elementor-element-674669b\" data-id=\"674669b\" data-element_type=\"column\">\n\t\t\t<div class=\"elementor-widget-wrap\">\n\t\t\t\t\t\t\t<\/div>\n\t\t<\/div>\n\t\t\t\t\t<\/div>\n\t\t<\/section>\n\t\t\t\t<section class=\"elementor-section elementor-top-section elementor-element elementor-element-b8af6b8 elementor-section-boxed elementor-section-height-default elementor-section-height-default\" data-id=\"b8af6b8\" data-element_type=\"section\">\n\t\t\t\t\t\t<div class=\"elementor-container elementor-column-gap-default\">\n\t\t\t\t\t<div class=\"elementor-column elementor-col-100 elementor-top-column elementor-element elementor-element-75e2823\" data-id=\"75e2823\" data-element_type=\"column\">\n\t\t\t<div class=\"elementor-widget-wrap elementor-element-populated\">\n\t\t\t\t\t\t<div class=\"elementor-element elementor-element-4294b1f elementor-widget elementor-widget-heading\" data-id=\"4294b1f\" data-element_type=\"widget\" data-widget_type=\"heading.default\">\n\t\t\t\t<div class=\"elementor-widget-container\">\n\t\t\t\t\t<h2 class=\"elementor-heading-title elementor-size-default\">\nAbout us...<\/h2>\t\t\t\t<\/div>\n\t\t\t\t<\/div>\n\t\t\t\t\t<\/div>\n\t\t<\/div>\n\t\t\t\t\t<\/div>\n\t\t<\/section>\n\t\t\t\t<section class=\"elementor-section elementor-top-section elementor-element elementor-element-244f551 elementor-section-boxed elementor-section-height-default elementor-section-height-default\" data-id=\"244f551\" data-element_type=\"section\">\n\t\t\t\t\t\t<div class=\"elementor-container elementor-column-gap-default\">\n\t\t\t\t\t<div class=\"elementor-column elementor-col-100 elementor-top-column elementor-element elementor-element-0fe304f\" data-id=\"0fe304f\" data-element_type=\"column\">\n\t\t\t<div class=\"elementor-widget-wrap elementor-element-populated\">\n\t\t\t\t\t\t<div class=\"elementor-element elementor-element-95a1adc elementor-widget elementor-widget-text-editor\" data-id=\"95a1adc\" data-element_type=\"widget\" data-widget_type=\"text-editor.default\">\n\t\t\t\t<div class=\"elementor-widget-container\">\n\t\t\t\t\t\t\t\t\t<p style=\"text-align: center;\">We had the vision of setting up a retreat in Portugal. Out of this inspiration <b>silence.land<\/b> entstanden.\u00a0<\/p><p style=\"text-align: center;\">August 2022, we have <b>silence.land<\/b>\u00a0and are very happy to share our paradise with you.<\/p>\t\t\t\t\t\t\t\t<\/div>\n\t\t\t\t<\/div>\n\t\t\t\t\t<\/div>\n\t\t<\/div>\n\t\t\t\t\t<\/div>\n\t\t<\/section>\n\t\t\t\t<section class=\"elementor-section elementor-top-section elementor-element elementor-element-43fe3ad elementor-section-boxed elementor-section-height-default elementor-section-height-default\" data-id=\"43fe3ad\" data-element_type=\"section\">\n\t\t\t\t\t\t<div class=\"elementor-container elementor-column-gap-default\">\n\t\t\t\t\t<div class=\"elementor-column elementor-col-100 elementor-top-column elementor-element elementor-element-532c203\" data-id=\"532c203\" data-element_type=\"column\">\n\t\t\t<div class=\"elementor-widget-wrap\">\n\t\t\t\t\t\t\t<\/div>\n\t\t<\/div>\n\t\t\t\t\t<\/div>\n\t\t<\/section>\n\t\t\t\t<section class=\"elementor-section elementor-top-section elementor-element elementor-element-a888146 elementor-section-boxed elementor-section-height-default elementor-section-height-default\" data-id=\"a888146\" data-element_type=\"section\">\n\t\t\t\t\t\t<div class=\"elementor-container elementor-column-gap-default\">\n\t\t\t\t\t<div class=\"elementor-column elementor-col-100 elementor-top-column elementor-element elementor-element-3a5718f\" data-id=\"3a5718f\" data-element_type=\"column\">\n\t\t\t<div class=\"elementor-widget-wrap elementor-element-populated\">\n\t\t\t\t\t\t<div class=\"elementor-element elementor-element-8543d81 elementor-widget elementor-widget-image\" data-id=\"8543d81\" data-element_type=\"widget\" data-widget_type=\"image.default\">\n\t\t\t\t<div class=\"elementor-widget-container\">\n\t\t\t\t\t\t\t\t\t\t\t\t\t\t\t<img decoding=\"async\" class=\"lazyload\" src=\"data:image\/gif;base64,R0lGODlhAQABAIAAAAAAAP\/\/\/yH5BAEAAAAALAAAAAABAAEAAAIBRAA7\" data-src=\"https:\/\/silence.land\/wp-content\/uploads\/elementor\/thumbs\/Konrad_Upscale_2-scaled-rc6sbk8gf5kwnf2npc8869qfigs0eriw4hb9d3fiqo.jpeg\" title=\"Konrad_Upscale_2\" alt=\"Konrad_Upscale_2\" loading=\"lazy\" \/><noscript><img decoding=\"async\" class=\"lazyload\" src=\"https:\/\/silence.land\/wp-content\/uploads\/elementor\/thumbs\/Konrad_Upscale_2-scaled-rc6sbk8gf5kwnf2npc8869qfigs0eriw4hb9d3fiqo.jpeg\" title=\"Konrad_Upscale_2\" alt=\"Konrad_Upscale_2\" loading=\"lazy\" \/><\/noscript>\t\t\t\t\t\t\t\t\t\t\t\t\t\t\t<\/div>\n\t\t\t\t<\/div>\n\t\t\t\t<div class=\"elementor-element elementor-element-9080a50 elementor-widget__width-inherit elementor-widget elementor-widget-text-editor\" data-id=\"9080a50\" data-element_type=\"widget\" data-widget_type=\"text-editor.default\">\n\t\t\t\t<div class=\"elementor-widget-container\">\n\t\t\t\t\t\t\t\t\t<p style=\"text-align: center;\"><strong>Konrad Harle<\/strong><br \/><strong>Founder\/Managing Director<\/strong><\/p><p style=\"text-align: left;\">In 2020, I came up with the idea of creating a place for people that reminds them of who they really are.<\/p><p style=\"text-align: left;\">My passion for a healthy lifestyle and my deep connection to animals and nature characterise not only my personal philosophy, but also the entire concept of\u00a0<b>silence.land<\/b>.<\/p><p style=\"text-align: left;\">In 40 years as an IT entrepreneur, I have advised many companies on how to organise themselves better and become more profitable. But has this helped individuals? If you look at the general burnout statistics... No.<\/p><p style=\"text-align: left;\">Fast pace and pressure to perform characterise our zeitgeist. I myself have only \"survived\" this stressful time as an IT entrepreneur through intensive ZEN meditation, a healthy diet and constantly reminding myself of what I really am.<\/p><p style=\"text-align: left;\">My childhood dream of \"living with horses\" also came true here.<\/p>\t\t\t\t\t\t\t\t<\/div>\n\t\t\t\t<\/div>\n\t\t\t\t\t<\/div>\n\t\t<\/div>\n\t\t\t\t\t<\/div>\n\t\t<\/section>\n\t\t\t\t<section class=\"elementor-section elementor-top-section elementor-element elementor-element-2f758d8 elementor-section-boxed elementor-section-height-default elementor-section-height-default\" data-id=\"2f758d8\" data-element_type=\"section\">\n\t\t\t\t\t\t<div class=\"elementor-container elementor-column-gap-default\">\n\t\t\t\t\t<div class=\"elementor-column elementor-col-100 elementor-top-column elementor-element elementor-element-91bc0ab\" data-id=\"91bc0ab\" data-element_type=\"column\">\n\t\t\t<div class=\"elementor-widget-wrap\">\n\t\t\t\t\t\t\t<\/div>\n\t\t<\/div>\n\t\t\t\t\t<\/div>\n\t\t<\/section>\n\t\t\t\t<section class=\"elementor-section elementor-top-section elementor-element elementor-element-b105bf6 elementor-section-boxed elementor-section-height-default elementor-section-height-default\" data-id=\"b105bf6\" data-element_type=\"section\">\n\t\t\t\t\t\t<div class=\"elementor-container elementor-column-gap-default\">\n\t\t\t\t\t<div class=\"elementor-column elementor-col-100 elementor-top-column elementor-element elementor-element-ee3cb75\" data-id=\"ee3cb75\" data-element_type=\"column\">\n\t\t\t<div class=\"elementor-widget-wrap elementor-element-populated\">\n\t\t\t\t\t\t<div class=\"elementor-element elementor-element-617bd6d elementor-widget elementor-widget-image\" data-id=\"617bd6d\" data-element_type=\"widget\" data-widget_type=\"image.default\">\n\t\t\t\t<div class=\"elementor-widget-container\">\n\t\t\t\t\t\t\t\t\t\t\t\t\t\t\t<img decoding=\"async\" class=\"lazyload\" src=\"data:image\/gif;base64,R0lGODlhAQABAIAAAAAAAP\/\/\/yH5BAEAAAAALAAAAAABAAEAAAIBRAA7\" data-src=\"https:\/\/silence.land\/wp-content\/uploads\/elementor\/thumbs\/Martina_upscale-rc6rxcw95a4x7jpen776hurocusc3f4wu6f4akhork.jpeg\" title=\"Martina_upscale\" alt=\"Martina_upscale\" loading=\"lazy\" \/><noscript><img decoding=\"async\" class=\"lazyload\" src=\"https:\/\/silence.land\/wp-content\/uploads\/elementor\/thumbs\/Martina_upscale-rc6rxcw95a4x7jpen776hurocusc3f4wu6f4akhork.jpeg\" title=\"Martina_upscale\" alt=\"Martina_upscale\" loading=\"lazy\" \/><\/noscript>\t\t\t\t\t\t\t\t\t\t\t\t\t\t\t<\/div>\n\t\t\t\t<\/div>\n\t\t\t\t<div class=\"elementor-element elementor-element-287ae01 elementor-widget__width-inherit elementor-widget elementor-widget-text-editor\" data-id=\"287ae01\" data-element_type=\"widget\" data-widget_type=\"text-editor.default\">\n\t\t\t\t<div class=\"elementor-widget-container\">\n\t\t\t\t\t\t\t\t\t<p style=\"text-align: center;\"><strong>Martina Stier<\/strong><br><strong>Trauma - Pain - Therapy<br>Psychological counselling, healing energy<\/strong><\/p>\n<p style=\"text-align: left;\">With <strong>silence.land<\/strong> a long-awaited wish came true for me. To create a retreat for people that offers the opportunity to experience a holiday and intensive healing at the same time, far away from everyday life, noise and stress.<\/p>\n<p style=\"text-align: left;\">I was given the opportunity here in this paradise to accompany people intensively for a while, with psychological counselling (I prefer to call it \"soul conversations\") and with my abilities as a healer.<\/p>\n<p style=\"text-align: left;\">The wonderful silence and nature support me in your healing.<\/p>\n<p style=\"text-align: left;\"><strong>&nbsp; &nbsp; &nbsp; &nbsp;My offers:<br><\/strong><\/p>\n<ul style=\"text-align: left;\">\n<li><strong>Trauma - Pain - Therapy<\/strong><\/li>\n<li><strong>Prenatal trauma processing<\/strong><\/li>\n<li><b>States of exhaustion<\/b><\/li>\n<li><b style=\"font-style: inherit;\">Depressionen<\/b><\/li>\n<li><span style=\"font-style: inherit;\"><b>Relationship problems<\/b><\/span><\/li>\n<li><b style=\"font-style: inherit;\">Childlessness<\/b><\/li>\n<\/ul>\n<p style=\"text-align: left;\">You can find information about my work on my <a href=\"http:\/\/www.herzfeld-martinastier.de\" target=\"_blank\" rel=\"noopener\">Website<\/a>.<\/p>\t\t\t\t\t\t\t\t<\/div>\n\t\t\t\t<\/div>\n\t\t\t\t\t<\/div>\n\t\t<\/div>\n\t\t\t\t\t<\/div>\n\t\t<\/section>\n\t\t\t\t<\/div>","protected":false},"excerpt":{"rendered":"<p>\u00dcber uns&#8230; Wir hatten die Vision ein Retreat in Portugal aufzubauen. Aus dieser Inspiration heraus ist silence.land entstanden.\u00a0 August 2022, haben wir silence.land\u00a0gegr\u00fcndet und sind sehr gl\u00fccklich dar\u00fcber, unser Paradies mit euch zu teilen. Konrad HarleGr\u00fcnder\/Gesch\u00e4ftsf\u00fchrer Im Jahr 2020 reifte der Gedanke in mir,\u00a0einen Ort f\u00fcr Menschen zu schaffen, der sie wieder an ihr wirkliches [&hellip;]<\/p>","protected":false},"author":1,"featured_media":0,"parent":0,"menu_order":0,"comment_status":"closed","ping_status":"closed","template":"","meta":{"om_disable_all_campaigns":false,"_monsterinsights_skip_tracking":false,"_monsterinsights_sitenote_active":false,"_monsterinsights_sitenote_note":"","_monsterinsights_sitenote_category":0,"_uf_show_specific_survey":0,"_uf_disable_surveys":false,"site-sidebar-layout":"no-sidebar","site-content-layout":"page-builder","ast-site-content-layout":"","site-content-style":"default","site-sidebar-style":"default","ast-global-header-display":"","ast-banner-title-visibility":"","ast-main-header-display":"","ast-hfb-above-header-display":"","ast-hfb-below-header-display":"","ast-hfb-mobile-header-display":"","site-post-title":"disabled","ast-breadcrumbs-content":"","ast-featured-img":"disabled","footer-sml-layout":"","theme-transparent-header-meta":"enabled","adv-header-id-meta":"","stick-header-meta":"","header-above-stick-meta":"","header-main-stick-meta":"","header-below-stick-meta":"","astra-migrate-meta-layouts":"default","ast-page-background-enabled":"default","ast-page-background-meta":{"desktop":{"background-color":"","background-image":"","background-repeat":"repeat","background-position":"center center","background-size":"auto","background-attachment":"scroll","background-type":"","background-media":"","overlay-type":"","overlay-color":"","overlay-opacity":"","overlay-gradient":""},"tablet":{"background-color":"","background-image":"","background-repeat":"repeat","background-position":"center center","background-size":"auto","background-attachment":"scroll","background-type":"","background-media":"","overlay-type":"","overlay-color":"","overlay-opacity":"","overlay-gradient":""},"mobile":{"background-color":"","background-image":"","background-repeat":"repeat","background-position":"center center","background-size":"auto","background-attachment":"scroll","background-type":"","background-media":"","overlay-type":"","overlay-color":"","overlay-opacity":"","overlay-gradient":""}},"ast-content-background-meta":{"desktop":{"background-color":"var(--ast-global-color-5)","background-image":"","background-repeat":"repeat","background-position":"center center","background-size":"auto","background-attachment":"scroll","background-type":"","background-media":"","overlay-type":"","overlay-color":"","overlay-opacity":"","overlay-gradient":""},"tablet":{"background-color":"var(--ast-global-color-5)","background-image":"","background-repeat":"repeat","background-position":"center center","background-size":"auto","background-attachment":"scroll","background-type":"","background-media":"","overlay-type":"","overlay-color":"","overlay-opacity":"","overlay-gradient":""},"mobile":{"background-color":"var(--ast-global-color-5)","background-image":"","background-repeat":"repeat","background-position":"center center","background-size":"auto","background-attachment":"scroll","background-type":"","background-media":"","overlay-type":"","overlay-color":"","overlay-opacity":"","overlay-gradient":""}},"footnotes":""},"class_list":["post-4502","page","type-page","status-publish","hentry"],"yoast_head":"<!-- This site is optimized with the Yoast SEO plugin v25.3 - https:\/\/yoast.com\/wordpress\/plugins\/seo\/ -->\n<title>Silence Land \u2013 Unser Team<\/title>\n<meta name=\"robots\" content=\"index, follow, max-snippet:-1, max-image-preview:large, max-video-preview:-1\" \/>\n<link rel=\"canonical\" href=\"https:\/\/silence.land\/en\/ueber-uns\/\" \/>\n<meta property=\"og:locale\" content=\"en_GB\" \/>\n<meta property=\"og:type\" content=\"article\" \/>\n<meta property=\"og:title\" content=\"Silence Land \u2013 Unser Team\" \/>\n<meta property=\"og:description\" content=\"\u00dcber uns&#8230; Wir hatten die Vision ein Retreat in Portugal aufzubauen. Aus dieser Inspiration heraus ist silence.land entstanden.\u00a0 August 2022, haben wir silence.land\u00a0gegr\u00fcndet und sind sehr gl\u00fccklich dar\u00fcber, unser Paradies mit euch zu teilen. Konrad HarleGr\u00fcnder\/Gesch\u00e4ftsf\u00fchrer Im Jahr 2020 reifte der Gedanke in mir,\u00a0einen Ort f\u00fcr Menschen zu schaffen, der sie wieder an ihr wirkliches [&hellip;]\" \/>\n<meta property=\"og:url\" content=\"https:\/\/silence.land\/en\/ueber-uns\/\" \/>\n<meta property=\"article:modified_time\" content=\"2025-09-27T17:28:52+00:00\" \/>\n<meta property=\"og:image\" content=\"https:\/\/silence.land\/wp-content\/uploads\/elementor\/thumbs\/Konrad_Upscale_2-scaled-rc6sbk8gf5kwnf2npc8869qfigs0eriw4hb9d3fiqo.jpeg\" \/>\n<meta name=\"twitter:card\" content=\"summary_large_image\" \/>\n<meta name=\"twitter:label1\" content=\"Estimated reading time\" \/>\n\t<meta name=\"twitter:data1\" content=\"2 minutes\" \/>\n<script type=\"application\/ld+json\" class=\"yoast-schema-graph\">{\"@context\":\"https:\/\/schema.org\",\"@graph\":[{\"@type\":\"WebPage\",\"@id\":\"https:\/\/silence.land\/ueber-uns\/\",\"url\":\"https:\/\/silence.land\/ueber-uns\/\",\"name\":\"Silence Land \u2013 Unser Team\",\"isPartOf\":{\"@id\":\"https:\/\/silence.land\/#website\"},\"primaryImageOfPage\":{\"@id\":\"https:\/\/silence.land\/ueber-uns\/#primaryimage\"},\"image\":{\"@id\":\"https:\/\/silence.land\/ueber-uns\/#primaryimage\"},\"thumbnailUrl\":\"https:\/\/silence.land\/wp-content\/uploads\/elementor\/thumbs\/Konrad_Upscale_2-scaled-rc6sbk8gf5kwnf2npc8869qfigs0eriw4hb9d3fiqo.jpeg\",\"datePublished\":\"2024-10-28T07:04:28+00:00\",\"dateModified\":\"2025-09-27T17:28:52+00:00\",\"breadcrumb\":{\"@id\":\"https:\/\/silence.land\/ueber-uns\/#breadcrumb\"},\"inLanguage\":\"en-GB\",\"potentialAction\":[{\"@type\":\"ReadAction\",\"target\":[\"https:\/\/silence.land\/ueber-uns\/\"]}]},{\"@type\":\"ImageObject\",\"inLanguage\":\"en-GB\",\"@id\":\"https:\/\/silence.land\/ueber-uns\/#primaryimage\",\"url\":\"https:\/\/silence.land\/wp-content\/uploads\/elementor\/thumbs\/Konrad_Upscale_2-scaled-rc6sbk8gf5kwnf2npc8869qfigs0eriw4hb9d3fiqo.jpeg\",\"contentUrl\":\"https:\/\/silence.land\/wp-content\/uploads\/elementor\/thumbs\/Konrad_Upscale_2-scaled-rc6sbk8gf5kwnf2npc8869qfigs0eriw4hb9d3fiqo.jpeg\"},{\"@type\":\"BreadcrumbList\",\"@id\":\"https:\/\/silence.land\/ueber-uns\/#breadcrumb\",\"itemListElement\":[{\"@type\":\"ListItem\",\"position\":1,\"name\":\"Startseite\",\"item\":\"https:\/\/silence.land\/\"},{\"@type\":\"ListItem\",\"position\":2,\"name\":\"\u00dcber uns\"}]},{\"@type\":\"WebSite\",\"@id\":\"https:\/\/silence.land\/#website\",\"url\":\"https:\/\/silence.land\/\",\"name\":\"Silence Land\",\"description\":\"\",\"publisher\":{\"@id\":\"https:\/\/silence.land\/#\/schema\/person\/a53ba556c8a5e4f89b1073343acfb0e2\"},\"potentialAction\":[{\"@type\":\"SearchAction\",\"target\":{\"@type\":\"EntryPoint\",\"urlTemplate\":\"https:\/\/silence.land\/?s={search_term_string}\"},\"query-input\":{\"@type\":\"PropertyValueSpecification\",\"valueRequired\":true,\"valueName\":\"search_term_string\"}}],\"inLanguage\":\"en-GB\"},{\"@type\":[\"Person\",\"Organization\"],\"@id\":\"https:\/\/silence.land\/#\/schema\/person\/a53ba556c8a5e4f89b1073343acfb0e2\",\"name\":\"admin\",\"image\":{\"@type\":\"ImageObject\",\"inLanguage\":\"en-GB\",\"@id\":\"https:\/\/silence.land\/#\/schema\/person\/image\/\",\"url\":\"https:\/\/silence.land\/wp-content\/uploads\/2024\/05\/FullLogo_Transparent_NoBuffer.png\",\"contentUrl\":\"https:\/\/silence.land\/wp-content\/uploads\/2024\/05\/FullLogo_Transparent_NoBuffer.png\",\"width\":1280,\"height\":1248,\"caption\":\"admin\"},\"logo\":{\"@id\":\"https:\/\/silence.land\/#\/schema\/person\/image\/\"},\"sameAs\":[\"http:\/\/silence.land\"]}]}<\/script>\n<!-- \/ Yoast SEO plugin. -->","yoast_head_json":{"title":"Silence Land \u2013 Unser Team","robots":{"index":"index","follow":"follow","max-snippet":"max-snippet:-1","max-image-preview":"max-image-preview:large","max-video-preview":"max-video-preview:-1"},"canonical":"https:\/\/silence.land\/en\/ueber-uns\/","og_locale":"en_GB","og_type":"article","og_title":"Silence Land \u2013 Unser Team","og_description":"\u00dcber uns&#8230; Wir hatten die Vision ein Retreat in Portugal aufzubauen. Aus dieser Inspiration heraus ist silence.land entstanden.\u00a0 August 2022, haben wir silence.land\u00a0gegr\u00fcndet und sind sehr gl\u00fccklich dar\u00fcber, unser Paradies mit euch zu teilen. Konrad HarleGr\u00fcnder\/Gesch\u00e4ftsf\u00fchrer Im Jahr 2020 reifte der Gedanke in mir,\u00a0einen Ort f\u00fcr Menschen zu schaffen, der sie wieder an ihr wirkliches [&hellip;]","og_url":"https:\/\/silence.land\/en\/ueber-uns\/","article_modified_time":"2025-09-27T17:28:52+00:00","og_image":[{"url":"https:\/\/silence.land\/wp-content\/uploads\/elementor\/thumbs\/Konrad_Upscale_2-scaled-rc6sbk8gf5kwnf2npc8869qfigs0eriw4hb9d3fiqo.jpeg","type":"","width":"","height":""}],"twitter_card":"summary_large_image","twitter_misc":{"Estimated reading time":"2 minutes"},"schema":{"@context":"https:\/\/schema.org","@graph":[{"@type":"WebPage","@id":"https:\/\/silence.land\/ueber-uns\/","url":"https:\/\/silence.land\/ueber-uns\/","name":"Silence Land \u2013 Unser Team","isPartOf":{"@id":"https:\/\/silence.land\/#website"},"primaryImageOfPage":{"@id":"https:\/\/silence.land\/ueber-uns\/#primaryimage"},"image":{"@id":"https:\/\/silence.land\/ueber-uns\/#primaryimage"},"thumbnailUrl":"https:\/\/silence.land\/wp-content\/uploads\/elementor\/thumbs\/Konrad_Upscale_2-scaled-rc6sbk8gf5kwnf2npc8869qfigs0eriw4hb9d3fiqo.jpeg","datePublished":"2024-10-28T07:04:28+00:00","dateModified":"2025-09-27T17:28:52+00:00","breadcrumb":{"@id":"https:\/\/silence.land\/ueber-uns\/#breadcrumb"},"inLanguage":"en-GB","potentialAction":[{"@type":"ReadAction","target":["https:\/\/silence.land\/ueber-uns\/"]}]},{"@type":"ImageObject","inLanguage":"en-GB","@id":"https:\/\/silence.land\/ueber-uns\/#primaryimage","url":"https:\/\/silence.land\/wp-content\/uploads\/elementor\/thumbs\/Konrad_Upscale_2-scaled-rc6sbk8gf5kwnf2npc8869qfigs0eriw4hb9d3fiqo.jpeg","contentUrl":"https:\/\/silence.land\/wp-content\/uploads\/elementor\/thumbs\/Konrad_Upscale_2-scaled-rc6sbk8gf5kwnf2npc8869qfigs0eriw4hb9d3fiqo.jpeg"},{"@type":"BreadcrumbList","@id":"https:\/\/silence.land\/ueber-uns\/#breadcrumb","itemListElement":[{"@type":"ListItem","position":1,"name":"Startseite","item":"https:\/\/silence.land\/"},{"@type":"ListItem","position":2,"name":"\u00dcber uns"}]},{"@type":"WebSite","@id":"https:\/\/silence.land\/#website","url":"https:\/\/silence.land\/","name":"Silence Land","description":"","publisher":{"@id":"https:\/\/silence.land\/#\/schema\/person\/a53ba556c8a5e4f89b1073343acfb0e2"},"potentialAction":[{"@type":"SearchAction","target":{"@type":"EntryPoint","urlTemplate":"https:\/\/silence.land\/?s={search_term_string}"},"query-input":{"@type":"PropertyValueSpecification","valueRequired":true,"valueName":"search_term_string"}}],"inLanguage":"en-GB"},{"@type":["Person","Organization"],"@id":"https:\/\/silence.land\/#\/schema\/person\/a53ba556c8a5e4f89b1073343acfb0e2","name":"admin","image":{"@type":"ImageObject","inLanguage":"en-GB","@id":"https:\/\/silence.land\/#\/schema\/person\/image\/","url":"https:\/\/silence.land\/wp-content\/uploads\/2024\/05\/FullLogo_Transparent_NoBuffer.png","contentUrl":"https:\/\/silence.land\/wp-content\/uploads\/2024\/05\/FullLogo_Transparent_NoBuffer.png","width":1280,"height":1248,"caption":"admin"},"logo":{"@id":"https:\/\/silence.land\/#\/schema\/person\/image\/"},"sameAs":["http:\/\/silence.land"]}]}},"_links":{"self":[{"href":"https:\/\/silence.land\/en\/wp-json\/wp\/v2\/pages\/4502","targetHints":{"allow":["GET"]}}],"collection":[{"href":"https:\/\/silence.land\/en\/wp-json\/wp\/v2\/pages"}],"about":[{"href":"https:\/\/silence.land\/en\/wp-json\/wp\/v2\/types\/page"}],"author":[{"embeddable":true,"href":"https:\/\/silence.land\/en\/wp-json\/wp\/v2\/users\/1"}],"replies":[{"embeddable":true,"href":"https:\/\/silence.land\/en\/wp-json\/wp\/v2\/comments?post=4502"}],"version-history":[{"count":472,"href":"https:\/\/silence.land\/en\/wp-json\/wp\/v2\/pages\/4502\/revisions"}],"predecessor-version":[{"id":7924,"href":"https:\/\/silence.land\/en\/wp-json\/wp\/v2\/pages\/4502\/revisions\/7924"}],"wp:attachment":[{"href":"https:\/\/silence.land\/en\/wp-json\/wp\/v2\/media?parent=4502"}],"curies":[{"name":"wp","href":"https:\/\/api.w.org\/{rel}","templated":true}]}}