{"id":910,"date":"2021-02-15T22:15:32","date_gmt":"2021-02-15T22:15:32","guid":{"rendered":"http:\/\/salida.me\/?page_id=910"},"modified":"2024-09-21T11:11:12","modified_gmt":"2024-09-21T11:11:12","slug":"impressum","status":"publish","type":"page","link":"https:\/\/silence.land\/en\/impressum\/","title":{"rendered":"Imprint"},"content":{"rendered":"<div data-elementor-type=\"wp-page\" data-elementor-id=\"910\" class=\"elementor elementor-910\">\n\t\t\t\t\t\t<section class=\"elementor-section elementor-top-section elementor-element elementor-element-9a805f1 elementor-section-boxed elementor-section-height-default elementor-section-height-default\" data-id=\"9a805f1\" data-element_type=\"section\">\n\t\t\t\t\t\t<div class=\"elementor-container elementor-column-gap-default\">\n\t\t\t\t\t<div class=\"elementor-column elementor-col-100 elementor-top-column elementor-element elementor-element-7dc7d632\" data-id=\"7dc7d632\" data-element_type=\"column\">\n\t\t\t<div class=\"elementor-widget-wrap elementor-element-populated\">\n\t\t\t\t\t\t<div class=\"elementor-element elementor-element-2e03cf3c elementor-widget__width-initial elementor-widget elementor-widget-text-editor\" data-id=\"2e03cf3c\" data-element_type=\"widget\" data-widget_type=\"text-editor.default\">\n\t\t\t\t<div class=\"elementor-widget-container\">\n\t\t\t\t\t\t\t\t\t<p><\/p>\n<h4>Angaben gem\u00e4\u00df \u00a7 5 TMG<\/h4>\n<p>\u00a0<\/p>\n<p><strong>silence.land<\/strong><br \/>Konrad Harle<br \/>Quinta Vale de Lobos<br \/>Rua das Palmeiras No.2<br \/>2065-642 Ma\u00e7ussa<br \/>Portugal<\/p>\n<p><strong>Vertreten durch:<\/strong><br \/>Konrad Harle<\/p>\n<p><strong>Kontakt:<\/strong><br \/>Telefon: +49 170 3428733<br \/>\u00a0 \u00a0 \u00a0 \u00a0 \u00a0 \u00a0 \u00a0 \u00a0 +351 964 448 853<\/p>\n<p>E-Mail: hello@silence.land<\/p>\n<p><strong>Vermietlizenz\u00a0<\/strong><br \/>Alojamento Local: 155575\/AL<br \/><br \/><strong>Reklamationsbuch<\/strong><br \/>Wir sind Mitglied des <a href=\"https:\/\/www.livroreclamacoes.pt\/Inicio\/\">Electronic Complaints Book<\/a><br \/><strong style=\"font-size: 22.5px; background-color: var(--ast-global-color-5);\"><br \/>Haftungsausschluss:<\/strong><\/p>\n<p><strong>Haftung f\u00fcr Inhalte<\/strong><\/p>\n<p>Die Inhalte unserer Seiten wurden mit gr\u00f6\u00dfter Sorgfalt erstellt. F\u00fcr die Richtigkeit, Vollst\u00e4ndigkeit und Aktualit\u00e4t der Inhalte k\u00f6nnen wir jedoch keine Gew\u00e4hr \u00fcbernehmen. Als Diensteanbieter sind wir gem\u00e4\u00df \u00a7 7 Abs.1 TMG f\u00fcr eigene Inhalte auf diesen Seiten nach den allgemeinen Gesetzen verantwortlich. Nach \u00a7\u00a7 8 bis 10 TMG sind wir als Diensteanbieter jedoch nicht verpflichtet, \u00fcbermittelte oder gespeicherte fremde Informationen zu \u00fcberwachen oder nach Umst\u00e4nden zu forschen, die auf eine rechtswidrige T\u00e4tigkeit hinweisen. Verpflichtungen zur Entfernung oder Sperrung der Nutzung von Informationen nach den allgemeinen Gesetzen bleiben hiervon unber\u00fchrt. Eine diesbez\u00fcgliche Haftung ist jedoch erst ab dem Zeitpunkt der Kenntnis einer konkreten Rechtsverletzung m\u00f6glich. Bei Bekanntwerden von entsprechenden Rechtsverletzungen werden wir diese Inhalte umgehend entfernen.<\/p>\n<p><strong>Haftung f\u00fcr Links<\/strong><\/p>\n<p>Unser Angebot enth\u00e4lt Links zu externen Webseiten Dritter, auf deren Inhalte wir keinen Einfluss haben. Deshalb k\u00f6nnen wir f\u00fcr diese fremden Inhalte auch keine Gew\u00e4hr \u00fcbernehmen. F\u00fcr die Inhalte der verlinkten Seiten ist stets der jeweilige Anbieter oder Betreiber der Seiten verantwortlich. Die verlinkten Seiten wurden zum Zeitpunkt der Verlinkung auf m\u00f6gliche Rechtsverst\u00f6\u00dfe \u00fcberpr\u00fcft. Rechtswidrige Inhalte waren zum Zeitpunkt der Verlinkung nicht erkennbar. Eine permanente inhaltliche Kontrolle der verlinkten Seiten ist jedoch ohne konkrete Anhaltspunkte einer Rechtsverletzung nicht zumutbar. Bei Bekanntwerden von Rechtsverletzungen werden wir derartige Links umgehend entfernen.<\/p>\n<p><strong>Data protection<\/strong><\/p>\n<p>Die Nutzung unserer Webseite ist in der Regel ohne Angabe personenbezogener Daten m\u00f6glich. Soweit auf unseren Seiten personenbezogene Daten (beispielsweise Name, Anschrift oder eMail-Adressen) erhoben werden, erfolgt dies, soweit m\u00f6glich, stets auf freiwilliger Basis. Diese Daten werden ohne Ihre ausdr\u00fcckliche Zustimmung nicht an Dritte weitergegeben.<br \/>Wir weisen darauf hin, dass die Daten\u00fcbertragung im Internet (z.B. bei der Kommunikation per E-Mail) Sicherheitsl\u00fccken aufweisen kann. Ein l\u00fcckenloser Schutz der Daten vor dem Zugriff durch Dritte ist nicht m\u00f6glich.<br \/>Der Nutzung von im Rahmen der Impressumspflicht ver\u00f6ffentlichten Kontaktdaten durch Dritte zur \u00dcbersendung von nicht ausdr\u00fccklich angeforderter Werbung und Informationsmaterialien wird hiermit ausdr\u00fccklich widersprochen. Die Betreiber der Seiten behalten sich ausdr\u00fccklich rechtliche Schritte im Falle der unverlangten Zusendung von Werbeinformationen, etwa durch Spam-Mails, vor.<\/p>\n<p><strong>Google Analytics<\/strong><\/p>\n<p>Diese Website benutzt Google Analytics, einen Webanalysedienst der Google Inc. (\u201dGoogle\u201d). Google Analytics verwendet sog. \u201dCookies\u201d, Textdateien, die auf Ihrem Computer gespeichert werden und die eine Analyse der Benutzung der Website durch Sie erm\u00f6glicht. Die durch den Cookie erzeugten Informationen \u00fcber Ihre Benutzung dieser Website (einschlie\u00dflich Ihrer IP-Adresse) wird an einen Server von Google in den USA \u00fcbertragen und dort gespeichert. Google wird diese Informationen benutzen, um Ihre Nutzung der Website auszuwerten, um Reports \u00fcber die Websiteaktivit\u00e4ten f\u00fcr die Websitebetreiber zusammenzustellen und um weitere mit der Websitenutzung und der Internetnutzung verbundene Dienstleistungen zu erbringen. Auch wird Google diese Informationen gegebenenfalls an Dritte \u00fcbertragen, sofern dies gesetzlich vorgeschrieben oder soweit Dritte diese Daten im Auftrag von Google verarbeiten. Google wird in keinem Fall Ihre IP-Adresse mit anderen Daten der Google in Verbindung bringen. Sie k\u00f6nnen die Installation der Cookies durch eine entsprechende Einstellung Ihrer Browser Software verhindern; wir weisen Sie jedoch darauf hin, dass Sie in diesem Fall gegebenenfalls nicht s\u00e4mtliche Funktionen dieser Website voll umf\u00e4nglich nutzen k\u00f6nnen. Durch die Nutzung dieser Website erkl\u00e4ren Sie sich mit der Bearbeitung der \u00fcber Sie erhobenen Daten durch Google in der zuvor beschriebenen Art und Weise und zu dem zuvor benannten Zweck einverstanden.<\/p>\n<p><\/p>\t\t\t\t\t\t\t\t<\/div>\n\t\t\t\t<\/div>\n\t\t\t\t\t<\/div>\n\t\t<\/div>\n\t\t\t\t\t<\/div>\n\t\t<\/section>\n\t\t\t\t<\/div>","protected":false},"excerpt":{"rendered":"<p>Angaben gem\u00e4\u00df \u00a7 5 TMG \u00a0 silence.landKonrad HarleQuinta Vale de LobosRua das Palmeiras No.22065-642 Ma\u00e7ussaPortugal Vertreten durch:Konrad Harle Kontakt:Telefon: +49 170 3428733\u00a0 \u00a0 \u00a0 \u00a0 \u00a0 \u00a0 \u00a0 \u00a0 +351 964 448 853 E-Mail: hello@silence.land Vermietlizenz\u00a0Alojamento Local: 155575\/AL ReklamationsbuchWir sind Mitglied des Electronic Complaints BookHaftungsausschluss: Haftung f\u00fcr Inhalte Die Inhalte unserer Seiten wurden mit gr\u00f6\u00dfter [&hellip;]<\/p>","protected":false},"author":2,"featured_media":0,"parent":0,"menu_order":0,"comment_status":"closed","ping_status":"closed","template":"","meta":{"om_disable_all_campaigns":false,"_monsterinsights_skip_tracking":false,"_monsterinsights_sitenote_active":false,"_monsterinsights_sitenote_note":"","_monsterinsights_sitenote_category":0,"_uf_show_specific_survey":0,"_uf_disable_surveys":false,"site-sidebar-layout":"no-sidebar","site-content-layout":"default","ast-site-content-layout":"","site-content-style":"default","site-sidebar-style":"default","ast-global-header-display":"","ast-banner-title-visibility":"","ast-main-header-display":"","ast-hfb-above-header-display":"","ast-hfb-below-header-display":"","ast-hfb-mobile-header-display":"","site-post-title":"","ast-breadcrumbs-content":"","ast-featured-img":"","footer-sml-layout":"","theme-transparent-header-meta":"default","adv-header-id-meta":"","stick-header-meta":"","header-above-stick-meta":"","header-main-stick-meta":"","header-below-stick-meta":"","astra-migrate-meta-layouts":"default","ast-page-background-enabled":"default","ast-page-background-meta":{"desktop":{"background-color":"","background-image":"","background-repeat":"repeat","background-position":"center center","background-size":"auto","background-attachment":"scroll","background-type":"","background-media":"","overlay-type":"","overlay-color":"","overlay-opacity":"","overlay-gradient":""},"tablet":{"background-color":"","background-image":"","background-repeat":"repeat","background-position":"center center","background-size":"auto","background-attachment":"scroll","background-type":"","background-media":"","overlay-type":"","overlay-color":"","overlay-opacity":"","overlay-gradient":""},"mobile":{"background-color":"","background-image":"","background-repeat":"repeat","background-position":"center center","background-size":"auto","background-attachment":"scroll","background-type":"","background-media":"","overlay-type":"","overlay-color":"","overlay-opacity":"","overlay-gradient":""}},"ast-content-background-meta":{"desktop":{"background-color":"var(--ast-global-color-5)","background-image":"","background-repeat":"repeat","background-position":"center center","background-size":"auto","background-attachment":"scroll","background-type":"","background-media":"","overlay-type":"","overlay-color":"","overlay-opacity":"","overlay-gradient":""},"tablet":{"background-color":"var(--ast-global-color-5)","background-image":"","background-repeat":"repeat","background-position":"center center","background-size":"auto","background-attachment":"scroll","background-type":"","background-media":"","overlay-type":"","overlay-color":"","overlay-opacity":"","overlay-gradient":""},"mobile":{"background-color":"var(--ast-global-color-5)","background-image":"","background-repeat":"repeat","background-position":"center center","background-size":"auto","background-attachment":"scroll","background-type":"","background-media":"","overlay-type":"","overlay-color":"","overlay-opacity":"","overlay-gradient":""}},"footnotes":""},"class_list":["post-910","page","type-page","status-publish","hentry"],"yoast_head":"<!-- This site is optimized with the Yoast SEO plugin v25.3 - https:\/\/yoast.com\/wordpress\/plugins\/seo\/ -->\n<title>Silence Land \u2013 Impressum<\/title>\n<meta name=\"robots\" content=\"index, follow, max-snippet:-1, max-image-preview:large, max-video-preview:-1\" \/>\n<link rel=\"canonical\" href=\"https:\/\/silence.land\/en\/impressum\/\" \/>\n<meta property=\"og:locale\" content=\"en_GB\" \/>\n<meta property=\"og:type\" content=\"article\" \/>\n<meta property=\"og:title\" content=\"Silence Land \u2013 Impressum\" \/>\n<meta property=\"og:description\" content=\"Angaben gem\u00e4\u00df \u00a7 5 TMG \u00a0 silence.landKonrad HarleQuinta Vale de LobosRua das Palmeiras No.22065-642 Ma\u00e7ussaPortugal Vertreten durch:Konrad Harle Kontakt:Telefon: +49 170 3428733\u00a0 \u00a0 \u00a0 \u00a0 \u00a0 \u00a0 \u00a0 \u00a0 +351 964 448 853 E-Mail: hello@silence.land Vermietlizenz\u00a0Alojamento Local: 155575\/AL ReklamationsbuchWir sind Mitglied des Electronic Complaints BookHaftungsausschluss: Haftung f\u00fcr Inhalte Die Inhalte unserer Seiten wurden mit gr\u00f6\u00dfter [&hellip;]\" \/>\n<meta property=\"og:url\" content=\"https:\/\/silence.land\/en\/impressum\/\" \/>\n<meta property=\"article:modified_time\" content=\"2024-09-21T11:11:12+00:00\" \/>\n<meta name=\"twitter:card\" content=\"summary_large_image\" \/>\n<meta name=\"twitter:label1\" content=\"Estimated reading time\" \/>\n\t<meta name=\"twitter:data1\" content=\"4 minutes\" \/>\n<script type=\"application\/ld+json\" class=\"yoast-schema-graph\">{\"@context\":\"https:\/\/schema.org\",\"@graph\":[{\"@type\":\"WebPage\",\"@id\":\"https:\/\/silence.land\/impressum\/\",\"url\":\"https:\/\/silence.land\/impressum\/\",\"name\":\"Silence Land \u2013 Impressum\",\"isPartOf\":{\"@id\":\"https:\/\/silence.land\/#website\"},\"datePublished\":\"2021-02-15T22:15:32+00:00\",\"dateModified\":\"2024-09-21T11:11:12+00:00\",\"breadcrumb\":{\"@id\":\"https:\/\/silence.land\/impressum\/#breadcrumb\"},\"inLanguage\":\"en-GB\",\"potentialAction\":[{\"@type\":\"ReadAction\",\"target\":[\"https:\/\/silence.land\/impressum\/\"]}]},{\"@type\":\"BreadcrumbList\",\"@id\":\"https:\/\/silence.land\/impressum\/#breadcrumb\",\"itemListElement\":[{\"@type\":\"ListItem\",\"position\":1,\"name\":\"Startseite\",\"item\":\"https:\/\/silence.land\/\"},{\"@type\":\"ListItem\",\"position\":2,\"name\":\"Impressum\"}]},{\"@type\":\"WebSite\",\"@id\":\"https:\/\/silence.land\/#website\",\"url\":\"https:\/\/silence.land\/\",\"name\":\"Silence Land\",\"description\":\"\",\"publisher\":{\"@id\":\"https:\/\/silence.land\/#\/schema\/person\/a53ba556c8a5e4f89b1073343acfb0e2\"},\"potentialAction\":[{\"@type\":\"SearchAction\",\"target\":{\"@type\":\"EntryPoint\",\"urlTemplate\":\"https:\/\/silence.land\/?s={search_term_string}\"},\"query-input\":{\"@type\":\"PropertyValueSpecification\",\"valueRequired\":true,\"valueName\":\"search_term_string\"}}],\"inLanguage\":\"en-GB\"},{\"@type\":[\"Person\",\"Organization\"],\"@id\":\"https:\/\/silence.land\/#\/schema\/person\/a53ba556c8a5e4f89b1073343acfb0e2\",\"name\":\"admin\",\"image\":{\"@type\":\"ImageObject\",\"inLanguage\":\"en-GB\",\"@id\":\"https:\/\/silence.land\/#\/schema\/person\/image\/\",\"url\":\"https:\/\/silence.land\/wp-content\/uploads\/2024\/05\/FullLogo_Transparent_NoBuffer.png\",\"contentUrl\":\"https:\/\/silence.land\/wp-content\/uploads\/2024\/05\/FullLogo_Transparent_NoBuffer.png\",\"width\":1280,\"height\":1248,\"caption\":\"admin\"},\"logo\":{\"@id\":\"https:\/\/silence.land\/#\/schema\/person\/image\/\"},\"sameAs\":[\"http:\/\/silence.land\"]}]}<\/script>\n<!-- \/ Yoast SEO plugin. -->","yoast_head_json":{"title":"Silence Land \u2013 Impressum","robots":{"index":"index","follow":"follow","max-snippet":"max-snippet:-1","max-image-preview":"max-image-preview:large","max-video-preview":"max-video-preview:-1"},"canonical":"https:\/\/silence.land\/en\/impressum\/","og_locale":"en_GB","og_type":"article","og_title":"Silence Land \u2013 Impressum","og_description":"Angaben gem\u00e4\u00df \u00a7 5 TMG \u00a0 silence.landKonrad HarleQuinta Vale de LobosRua das Palmeiras No.22065-642 Ma\u00e7ussaPortugal Vertreten durch:Konrad Harle Kontakt:Telefon: +49 170 3428733\u00a0 \u00a0 \u00a0 \u00a0 \u00a0 \u00a0 \u00a0 \u00a0 +351 964 448 853 E-Mail: hello@silence.land Vermietlizenz\u00a0Alojamento Local: 155575\/AL ReklamationsbuchWir sind Mitglied des Electronic Complaints BookHaftungsausschluss: Haftung f\u00fcr Inhalte Die Inhalte unserer Seiten wurden mit gr\u00f6\u00dfter [&hellip;]","og_url":"https:\/\/silence.land\/en\/impressum\/","article_modified_time":"2024-09-21T11:11:12+00:00","twitter_card":"summary_large_image","twitter_misc":{"Estimated reading time":"4 minutes"},"schema":{"@context":"https:\/\/schema.org","@graph":[{"@type":"WebPage","@id":"https:\/\/silence.land\/impressum\/","url":"https:\/\/silence.land\/impressum\/","name":"Silence Land \u2013 Impressum","isPartOf":{"@id":"https:\/\/silence.land\/#website"},"datePublished":"2021-02-15T22:15:32+00:00","dateModified":"2024-09-21T11:11:12+00:00","breadcrumb":{"@id":"https:\/\/silence.land\/impressum\/#breadcrumb"},"inLanguage":"en-GB","potentialAction":[{"@type":"ReadAction","target":["https:\/\/silence.land\/impressum\/"]}]},{"@type":"BreadcrumbList","@id":"https:\/\/silence.land\/impressum\/#breadcrumb","itemListElement":[{"@type":"ListItem","position":1,"name":"Startseite","item":"https:\/\/silence.land\/"},{"@type":"ListItem","position":2,"name":"Impressum"}]},{"@type":"WebSite","@id":"https:\/\/silence.land\/#website","url":"https:\/\/silence.land\/","name":"Silence Land","description":"","publisher":{"@id":"https:\/\/silence.land\/#\/schema\/person\/a53ba556c8a5e4f89b1073343acfb0e2"},"potentialAction":[{"@type":"SearchAction","target":{"@type":"EntryPoint","urlTemplate":"https:\/\/silence.land\/?s={search_term_string}"},"query-input":{"@type":"PropertyValueSpecification","valueRequired":true,"valueName":"search_term_string"}}],"inLanguage":"en-GB"},{"@type":["Person","Organization"],"@id":"https:\/\/silence.land\/#\/schema\/person\/a53ba556c8a5e4f89b1073343acfb0e2","name":"admin","image":{"@type":"ImageObject","inLanguage":"en-GB","@id":"https:\/\/silence.land\/#\/schema\/person\/image\/","url":"https:\/\/silence.land\/wp-content\/uploads\/2024\/05\/FullLogo_Transparent_NoBuffer.png","contentUrl":"https:\/\/silence.land\/wp-content\/uploads\/2024\/05\/FullLogo_Transparent_NoBuffer.png","width":1280,"height":1248,"caption":"admin"},"logo":{"@id":"https:\/\/silence.land\/#\/schema\/person\/image\/"},"sameAs":["http:\/\/silence.land"]}]}},"_links":{"self":[{"href":"https:\/\/silence.land\/en\/wp-json\/wp\/v2\/pages\/910","targetHints":{"allow":["GET"]}}],"collection":[{"href":"https:\/\/silence.land\/en\/wp-json\/wp\/v2\/pages"}],"about":[{"href":"https:\/\/silence.land\/en\/wp-json\/wp\/v2\/types\/page"}],"author":[{"embeddable":true,"href":"https:\/\/silence.land\/en\/wp-json\/wp\/v2\/users\/2"}],"replies":[{"embeddable":true,"href":"https:\/\/silence.land\/en\/wp-json\/wp\/v2\/comments?post=910"}],"version-history":[{"count":66,"href":"https:\/\/silence.land\/en\/wp-json\/wp\/v2\/pages\/910\/revisions"}],"predecessor-version":[{"id":4237,"href":"https:\/\/silence.land\/en\/wp-json\/wp\/v2\/pages\/910\/revisions\/4237"}],"wp:attachment":[{"href":"https:\/\/silence.land\/en\/wp-json\/wp\/v2\/media?parent=910"}],"curies":[{"name":"wp","href":"https:\/\/api.w.org\/{rel}","templated":true}]}}